{"id":8821,"date":"2017-12-10T14:42:11","date_gmt":"2017-12-10T13:42:11","guid":{"rendered":"http:\/\/www.rockin-and-rollin.de\/wordpress\/?page_id=8821"},"modified":"2024-02-07T13:52:38","modified_gmt":"2024-02-07T12:52:38","slug":"printausgaben","status":"publish","type":"page","link":"http:\/\/www.rockin-and-rollin.de\/wordpress\/printausgaben\/","title":{"rendered":"Printausgaben"},"content":{"rendered":"<div id=\"pl-8821\"  class=\"panel-layout\" ><div id=\"pg-8821-0\"  class=\"panel-grid panel-no-style\" ><div id=\"pgc-8821-0-0\"  class=\"panel-grid-cell\" ><div id=\"panel-8821-0-0-0\" class=\"so-panel widget widget_sow-image panel-first-child\" data-index=\"0\" ><div\n\t\t\t\n\t\t\tclass=\"so-widget-sow-image so-widget-sow-image-default-8b5b6f678277-8821\"\n\t\t\t\n\t\t>\n\n<div class=\"sow-image-container\">\n\t\t<img loading=\"lazy\" decoding=\"async\" src=\"http:\/\/www.rockin-and-rollin.de\/wordpress\/wp-content\/uploads\/2017\/12\/cover-keep-rockin-ebook-klein2.jpg\" width=\"200\" height=\"298\" sizes=\"(max-width: 200px) 100vw, 200px\" title=\"Band 1: keep rockin&#8216;\" alt=\"Band 1: keep rockin&#039;\" \t\tclass=\"so-widget-image\"\/>\n\t<\/div>\n\n<\/div><\/div><div id=\"panel-8821-0-0-1\" class=\"so-panel widget widget_sow-editor panel-last-child\" data-index=\"1\" ><div\n\t\t\t\n\t\t\tclass=\"so-widget-sow-editor so-widget-sow-editor-base\"\n\t\t\t\n\t\t>\n<div class=\"siteorigin-widget-tinymce textwidget\">\n\t<p><strong>Band 1: keep rockin'<\/strong><br \/>\nTaschenbuch: 133 Seiten<br \/>\nVerlag: Independently published<br \/>\n(30. November 2017)<br \/>\nSprache: Deutsch<br \/>\nISBN-10: 1973280590<br \/>\nISBN-13: 978-1973280590<br \/>\n<strong>erh\u00e4ltlich bei: <a href=\"http:\/\/amzn.to\/2ArojlF\" rel=\"noopener\" target=\"_blank\">Amazon (bezahlter Link)<\/a><\/strong><\/p>\n<\/div>\n<\/div><\/div><\/div><div id=\"pgc-8821-0-1\"  class=\"panel-grid-cell\" ><div id=\"panel-8821-0-1-0\" class=\"so-panel widget widget_sow-editor panel-first-child\" data-index=\"2\" ><div\n\t\t\t\n\t\t\tclass=\"so-widget-sow-editor so-widget-sow-editor-base\"\n\t\t\t\n\t\t><h3 class=\"widget-title\">Band 1: keep rockin'<\/h3>\n<div class=\"siteorigin-widget-tinymce textwidget\">\n\t<p style=\"text-align: justify;\">\u00bbKeep rockin\u2019\u00ab befasst sich schwerpunktm\u00e4\u00dfig mit der Rockabilly Musik der 80er Jahren. Ich bin 1981 mit vierzehn Jahren zu der Szene dazugesto\u00dfen und seit dem mit Herz und Seele dem Rockabilly verfallen. Bands und Musiker wie \u00bbBlue Cats\u00ab, \u00bbRestless\u00ab, \u00bbPolecats\u00ab, \u00bbStray Cats\u00ab und \u00bbDave Phillips\u00ab, um nur einige wenige zu nennen, schwappten zu der Zeit aus England her\u00fcber und sorgten mit dem \u00bbNeo-Rockabilly\u00ab eine ganz neue Stilrichtung des Rockabilly. Ihre Musik entfachte einen neuen musikalischen Aufbruch und Revivalstimmung f\u00fcr den Rockabilly, welcher bis dahin haupts\u00e4chlich durch Authentik-Rockabilly und Teddyboy Musik gepr\u00e4gt wurde. Hier in diesem Buch m\u00f6chte ich euch anhand von Interviews einige dieser Bands n\u00e4her vorstellen und das Ganze wird noch mit begleiteten Artikeln und einer Kurzgeschichte von Daniel Wegehaupt abgerundet.<\/p>\n<p><strong>Inhalt:<\/strong><br \/>\n- Back to the 80s<br \/>\n- The Polecats<br \/>\n- Marcel Bontempi - Stompin The Art!!!<br \/>\n- The Blue Cats<br \/>\n- Rockabilly Requiem - Der Film<br \/>\n- Mickey West - Boom Chicka Boom<br \/>\n- Restless<br \/>\n- The Undecided Man (Autor: Daniel Wegehaupt)<br \/>\n- Frank Magerin - Die Vorstadtgang<br \/>\n- Meisenfrei Blues Club - Location<br \/>\n- Dave Phillips<br \/>\n- Womanizer - Die Pomedemanufaktur<br \/>\n- Matchbox<br \/>\n- Rock'n'Roll Fieber - Buchvorstellung<\/p>\n<p>Viel Spa\u00df beim Lesen!<\/p>\n<\/div>\n<\/div><\/div><div id=\"panel-8821-0-1-1\" class=\"so-panel widget widget_sow-editor\" data-index=\"3\" ><div\n\t\t\t\n\t\t\tclass=\"so-widget-sow-editor so-widget-sow-editor-base\"\n\t\t\t\n\t\t>\n<div class=\"siteorigin-widget-tinymce textwidget\">\n\t<blockquote><p>Von Tanja am 14. Dezember 2017<br \/>\nDas etwas andere Buch!<br \/>\nDie ersten Zeilen gelesen und ich f\u00fchlte mich schlagartig in meine wilden Jahre in den 80er zur\u00fcck versetzt. Das ganze Feeling aus dieser Zeit war wieder da und die Erinnerungen standen Schlange.<br \/>\nOkay ganz einfach, das Buch ist der Hammer macht Spa\u00df zu lesen und Infos gibt es auch noch.<br \/>\nFreue mich schon auf die Nachfolger!<\/p><\/blockquote>\n<\/div>\n<\/div><\/div><div id=\"panel-8821-0-1-2\" class=\"so-panel widget widget_sow-editor panel-last-child\" data-index=\"4\" ><div\n\t\t\t\n\t\t\tclass=\"so-widget-sow-editor so-widget-sow-editor-base\"\n\t\t\t\n\t\t>\n<div class=\"siteorigin-widget-tinymce textwidget\">\n\t<blockquote><p>Von Amazon Kunde am 23. Dezember 2017<br \/>\nTolles Buch f\u00fcr Fans, Neueinsteiger und Leute die schon lange dabei sind. Informationen \u00fcber die Scene und Bands der 80iger Jahre. Es werden einige Pers\u00f6nlichkeiten vorgestellt und das Buch ist mit einer kleinen Geschichte gut abgerundet. Alles in allem ein empfehlenswerter Kauf <\/p><\/blockquote>\n<\/div>\n<\/div><\/div><\/div><\/div><div id=\"pg-8821-1\"  class=\"panel-grid panel-no-style\" ><div id=\"pgc-8821-1-0\"  class=\"panel-grid-cell\" ><div id=\"panel-8821-1-0-0\" class=\"so-panel widget widget_sow-image panel-first-child\" data-index=\"5\" ><div\n\t\t\t\n\t\t\tclass=\"so-widget-sow-image so-widget-sow-image-default-8b5b6f678277-8821\"\n\t\t\t\n\t\t>\n\n<div class=\"sow-image-container\">\n\t\t<img loading=\"lazy\" decoding=\"async\" src=\"http:\/\/www.rockin-and-rollin.de\/wordpress\/wp-content\/uploads\/2018\/04\/cover-alk-a-billy-trail-werbung.jpg\" width=\"1817\" height=\"2741\" srcset=\"http:\/\/www.rockin-and-rollin.de\/wordpress\/wp-content\/uploads\/2018\/04\/cover-alk-a-billy-trail-werbung.jpg 1817w, http:\/\/www.rockin-and-rollin.de\/wordpress\/wp-content\/uploads\/2018\/04\/cover-alk-a-billy-trail-werbung-199x300.jpg 199w, http:\/\/www.rockin-and-rollin.de\/wordpress\/wp-content\/uploads\/2018\/04\/cover-alk-a-billy-trail-werbung-768x1159.jpg 768w, http:\/\/www.rockin-and-rollin.de\/wordpress\/wp-content\/uploads\/2018\/04\/cover-alk-a-billy-trail-werbung-679x1024.jpg 679w\" sizes=\"(max-width: 1817px) 100vw, 1817px\" title=\"Auf dem Alk-A-Billy Trail\" alt=\"Auf dem Alk-A-Billy Trail\" \t\tclass=\"so-widget-image\"\/>\n\t<\/div>\n\n<\/div><\/div><div id=\"panel-8821-1-0-1\" class=\"so-panel widget widget_sow-editor panel-last-child\" data-index=\"6\" ><div\n\t\t\t\n\t\t\tclass=\"so-widget-sow-editor so-widget-sow-editor-base\"\n\t\t\t\n\t\t>\n<div class=\"siteorigin-widget-tinymce textwidget\">\n\t<p><strong>Band 2: Auf dem Alk-A-Billy-Trail!<\/strong><br \/>\nTaschenbuch: 149 Seiten<br \/>\nVerlag: Independently published<br \/>\n(17. April 2018)<br \/>\nSprache: Deutsch<br \/>\nISBN-10: 1980837449<br \/>\nISBN-13: 978-1980837442<br \/>\n<strong>erh\u00e4ltlich bei: <a href=\"https:\/\/amzn.to\/2HQOpyR\" target=\"_blank\" rel=\"noopener\">Amazon (bezahlter Link)<\/a><\/strong><\/p>\n<\/div>\n<\/div><\/div><\/div><div id=\"pgc-8821-1-1\"  class=\"panel-grid-cell\" ><div id=\"panel-8821-1-1-0\" class=\"so-panel widget widget_sow-editor panel-first-child\" data-index=\"7\" ><div\n\t\t\t\n\t\t\tclass=\"so-widget-sow-editor so-widget-sow-editor-base\"\n\t\t\t\n\t\t><h3 class=\"widget-title\">Band 2: Auf dem Alk-A-Billy-Trail!<\/h3>\n<div class=\"siteorigin-widget-tinymce textwidget\">\n\t<p style=\"text-align: justify;\">Deutschsprachiger Rock\u2019n\u2019Roll hatte besonders in der Zeit des Rockabilly Revival der 80er\/90er einen Hype erlebt. Rock\u2019n\u2019Roll mit deutschen Texten wurde tauglich f\u00fcr die Massenmedien, Bands wie \u00bbAce Cats\u00ab eroberten mit Songs wie \u00bbLinda\u00ab zw\u00f6lf Wochen lang die Charts und brachten den Rock\u2019n\u2019Roll in die TVMusikshows. \u00bbAndy und die Asse\u00ab sorgten mit ihren Liedern wie \u00bbCadillac\u00ab, \u00bbSommerzeit\u00ab und \u00bbLiebe, Liebe, Liebe\u00ab auch au\u00dferhalb der Rock\u2019n\u2019Roll Szene f\u00fcr Furore und Musiker wie \u00bbTed Herold\u00ab bekamen ihr mehr als verdientes Comeback. Doch auch innerhalb der Szene tat sich einiges, Bands wie \u00bbRockabilly Mafia\u00ab, \u00bbPanhandle Alks\u00ab, \u00bbMess of Booze\u00ab, \u00bbBadland Slingers\u00ab und \u00bbLouiZiana Hayriders\u00ab, um nur einige zu nennen, brachten damals Partylaune pur und lie\u00dfen es richtig krachen. Einige dieser Bands haben bis zum heutigen Tag sehr erfolgreich ihren Weg gemacht und sind aus der Szene nicht mehr wegzudenken. In diesem Buch kratze ich nur ganz leicht die Vielfalt des deutschsprachigen Rockabilly an und mir ist bewusst, dass ich hier sehr viele wirklich gute Bands und Songs vernachl\u00e4ssige, aber dennoch sorgt es f\u00fcr einen kleinen Querschnitt und vielleicht auch f\u00fcr das eine oder andere \u00bbAha\u00ab Erlebnis. So findet ihr hier u.a. Interviews mit der \u00bbRockabilly Mafia\u00ab, den \u00bbPanhandle Alks\u00ab, \u00bbBadland Slingers\u00ab, \u00bbHolstein Rockets\u00ab und \u00bbTed Herold\u00ab, dazu noch ein paar Vorstellungen, mit \u00bbElvis\u2019 Isana Gitarre\u00ab einen Artikel welcher nicht ganz zur Thematik passt, aber doch so gut ist, dass ich ihn euch nicht vorenthalten m\u00f6chte, Artikel zu dem K\u00fcnstler \u00bbOscar Hertin\u00ab, \u00bbRockabilly Artwork\u00ab, dem \u00bbKing\u2019s Barbershop\u00ab und die Rock\u2019n\u2019Roll Kurzgeschichte \u00bbAlles eine Frage der Zeit\u00ab von Rainer W\u00fcst. Viel Spa\u00df auf dem \u00bbAlk-A-Billy Trail\u00ab!<\/p>\n<p><strong>Inhalt:<\/strong><br \/>\n- Vorwort<br \/>\n- Auf dem Alk-A-BillyTrail Teil 1<br \/>\n- Panhandle Alks<br \/>\n- Review \u00bbGetanzt Wurde Trotzdem\u00ab (Panhandle Alks)<br \/>\n- Oscar Hertin - Herr der Psychobilly Rats<br \/>\n- Herbert \u00bbLeiche\u00ab Leske - Songwriter und Musiker<br \/>\n- Review \u00bb3Ton Therapie\u00ab (heavy Teddys)<br \/>\n- Elvis' Isana Gitarre<br \/>\n- Badland Slingers<br \/>\n- Alles eine Frage der Zeit (Autor: Rainer W\u00fcst)<br \/>\n- Auf dem Alk-A-BillyTrail Teil 2<br \/>\n- Rockabilly Mafia<br \/>\n- Review \u00bbSignature in Blood\u00ab (Rockabilly Mafia)<br \/>\n- Der Norden haut drauf<br \/>\n- Der Ruhrpott schl\u00e4gt zur\u00fcck<br \/>\n- Rockabilly Artworks - Mehr als nur ein normales TShirt<br \/>\n- Das Beste des deutschen Rockabilly (Part Records)<br \/>\n- King's Barbershop - Der schnellste Rock'n'Roll Friseur von hier bis Mexiko<br \/>\n- Die Holstein Rockets<br \/>\n- Im Labyrinth des Schweigens - Der Film<br \/>\n- Ted Herold<br \/>\n- Auf dem Alk-A-BillyTrail Teil 3<br \/>\n- rockin' and rollin' Band 1: keep rockin'<\/p>\n<p>Viel Spa\u00df beim Lesen!<\/p>\n<\/div>\n<\/div><\/div><div id=\"panel-8821-1-1-1\" class=\"so-panel widget widget_sow-editor\" data-index=\"8\" ><div\n\t\t\t\n\t\t\tclass=\"so-widget-sow-editor so-widget-sow-editor-base\"\n\t\t\t\n\t\t>\n<div class=\"siteorigin-widget-tinymce textwidget\">\n\t<blockquote><p>Von Hansi am 31. August 2018<br \/>\nThema des Buches ist eine super Idee!<br \/>\nDas Buch ist \u00fcberwiegend f\u00fcr die Szene gemacht und erf\u00fcllt 100prozentig seinen Zweck.<br \/>\nIch bin noch 10 Jahre \u00e4lter als der Verfasser und in einer bayerischen Kleinstadt aufgewachsen.<br \/>\nEinst und heute z\u00e4hlt man als Rockabilly dort zu den Exoten.<br \/>\nOhne Internet, YouTube usw. erhielt man fr\u00fcher kaum Informationen \u00fcber die Szene.<br \/>\nF\u00fcr mich sind die B\u00fccher \u201ekeep rockin'\u201c und \u201eAuf dem Alk-A-Billy-Trail\u201c eine Informationsquelle und damit eine Bereicherung. Das Lesen macht Spa\u00df und Lust auf mehr. Die erw\u00e4hnten deutschen Liedtexte sind Geschichten aus dem Leben und der Szene - klasse! Habe mir gleich 3 CD's bestellt und freue mich schon auf Buch 3. Die B\u00fccher sind eine sehr gute Idee, weiter so.<br \/>\nDaheim rumsitzen kann jeder, aber mit \u201eKaffee, Korn & Rockabilly......\u201c, hihi.<\/p><\/blockquote>\n<\/div>\n<\/div><\/div><div id=\"panel-8821-1-1-2\" class=\"so-panel widget widget_sow-editor panel-last-child\" data-index=\"9\" ><div\n\t\t\t\n\t\t\tclass=\"so-widget-sow-editor so-widget-sow-editor-base\"\n\t\t\t\n\t\t>\n<div class=\"siteorigin-widget-tinymce textwidget\">\n\t<blockquote><p>Von Amazon Kunde am 21. April 2018<br \/>\nEin Buch aus der Szene f\u00fcr die Szene<br \/>\nSch\u00f6n geschrieben, viele Anekdote und viele Gesichter die man kennt..... Freue mich schon auf Band 3!!!!<\/p><\/blockquote>\n<\/div>\n<\/div><\/div><\/div><\/div><div id=\"pg-8821-2\"  class=\"panel-grid panel-no-style\" ><div id=\"pgc-8821-2-0\"  class=\"panel-grid-cell\" ><div id=\"panel-8821-2-0-0\" class=\"so-panel widget widget_sow-image panel-first-child\" data-index=\"10\" ><div\n\t\t\t\n\t\t\tclass=\"so-widget-sow-image so-widget-sow-image-default-8b5b6f678277-8821\"\n\t\t\t\n\t\t>\n\n<div class=\"sow-image-container\">\n\t\t<img loading=\"lazy\" decoding=\"async\" src=\"http:\/\/www.rockin-and-rollin.de\/wordpress\/wp-content\/uploads\/2023\/10\/cover-ebook-scaled.jpg\" width=\"1694\" height=\"2560\" srcset=\"http:\/\/www.rockin-and-rollin.de\/wordpress\/wp-content\/uploads\/2023\/10\/cover-ebook-scaled.jpg 1694w, http:\/\/www.rockin-and-rollin.de\/wordpress\/wp-content\/uploads\/2023\/10\/cover-ebook-198x300.jpg 198w, http:\/\/www.rockin-and-rollin.de\/wordpress\/wp-content\/uploads\/2023\/10\/cover-ebook-677x1024.jpg 677w, http:\/\/www.rockin-and-rollin.de\/wordpress\/wp-content\/uploads\/2023\/10\/cover-ebook-768x1161.jpg 768w, http:\/\/www.rockin-and-rollin.de\/wordpress\/wp-content\/uploads\/2023\/10\/cover-ebook-1016x1536.jpg 1016w, http:\/\/www.rockin-and-rollin.de\/wordpress\/wp-content\/uploads\/2023\/10\/cover-ebook-1355x2048.jpg 1355w, http:\/\/www.rockin-and-rollin.de\/wordpress\/wp-content\/uploads\/2023\/10\/cover-ebook-200x302.jpg 200w\" sizes=\"(max-width: 1694px) 100vw, 1694px\" title=\"cover-ebook\" alt=\"\" \t\tclass=\"so-widget-image\"\/>\n\t<\/div>\n\n<\/div><\/div><div id=\"panel-8821-2-0-1\" class=\"so-panel widget widget_sow-editor panel-last-child\" data-index=\"11\" ><div\n\t\t\t\n\t\t\tclass=\"so-widget-sow-editor so-widget-sow-editor-base\"\n\t\t\t\n\t\t>\n<div class=\"siteorigin-widget-tinymce textwidget\">\n\t<p><strong>Band 3: Let's go<\/strong><br \/>\nTaschenbuch: 203 Seiten<br \/>\nVerlag: Independently published<br \/>\n(25. Oktober 2023)<br \/>\nSprache: Deutsch<br \/>\nISBN-13: 979-8865122692<br \/>\n<strong>erh\u00e4ltlich bei: <a href=\"https:\/\/amzn.to\/3QfxWb9\" target=\"_blank\" rel=\"noopener\">Amazon (bezahlter Link)<\/a><\/strong><\/p>\n<\/div>\n<\/div><\/div><\/div><div id=\"pgc-8821-2-1\"  class=\"panel-grid-cell\" ><div id=\"panel-8821-2-1-0\" class=\"so-panel widget widget_sow-editor panel-first-child panel-last-child\" data-index=\"12\" ><div\n\t\t\t\n\t\t\tclass=\"so-widget-sow-editor so-widget-sow-editor-base\"\n\t\t\t\n\t\t><h3 class=\"widget-title\">Band 3: Let's go<\/h3>\n<div class=\"siteorigin-widget-tinymce textwidget\">\n\t<p style=\"text-align: justify;\">W\u00e4hrend der Coronazeit ging nichts mehr. Die Kulturbranche stand still. Keine Auftritte, keine Events \u2013 nichts ging mehr. Eine Zeit, um sich auf sich selber zu konzentrieren, neue Wege zu finden und eigene Wege neu zu definieren. Nun geht es langsam wieder los. Aber die Basis hat sich durch die Coronazeit ge\u00e4ndert. Die Menschen entscheiden spontaner, zu welchen Events sie gehen oder nicht. Die Zeit der gro\u00dfen Vorverk\u00e4ufe f\u00fcr Veranstaltungen ist vorbei und viele Veranstalter k\u00e4mpfen mit dieser neuen Situation. Sollen sie das Event stattfinden lassen oder doch anhand der schlechten Vorverkaufszahlen die Veranstaltung canceln, bevor sie finanziell in die Verluste gehen. Eine schwierige Situation. Ich hoffe sehr, dass es zuk\u00fcnftig wieder besser f\u00fcr alle kalkulierbar wird. In diesem Band \u00bbLet\u2019s go\u00ab gibt es einen kleinen Einblick in die musikalische Vielfalt der deutschen Rock\u2019n\u2019Roll Szene. Dazu eine Kurzgeschichte von Daniel Wegehaupt und eine Vorstellung zu einigen szenenahen Unternehmen. Letzteres ist mir pers\u00f6nlich wichtig, da es Menschen sind, die eine Idee haben, an ihrer Idee glauben und mit viel harter Arbeit ihre Idee verwirklichen.<\/p>\n<p><strong>Inhalt:<\/strong><br \/>\n- The Dukes of T\u0133uana \u2013 Don\u2019t Cry, Just Drink!<br \/>\n- Road Rodeo \u2013 Back to the Roads<br \/>\n- Stephan Griebel \u2013 Seine Solo-Projekte<br \/>\n- Nano Barbero \u2013 Rockabilly Kunst aus Spanien<br \/>\n- Eddy and the Backfires \u2013 Let\u2019s get wild<br \/>\n- Chrome Hunters Hamburg \u2013 US-Cars, Hot Rods und Classic Cars<br \/>\n- Lou Cifer And The Hellions \u2013 Dance of the Teddy Boy<br \/>\n- Popperlilly - (Autor: Daniel Wegehaupt)<br \/>\n- The Lunatics \u2013 Rock\u2019n\u2019Roll muss laut sein!<br \/>\n- Rockaphoto \u2013 Das perfekte Foto<br \/>\n- Mad Guz & the Mojos \u2013 Rough Rolling Blues<br \/>\n- Rhythm Bomb Records \u2013 20 Jahre Rhythm Bomb Records<br \/>\n- The Young and Wild Ones \u2013 Die jungen Wilden<\/p>\n<p>Viel Spa\u00df beim Lesen!<\/p>\n<\/div>\n<\/div><\/div><\/div><\/div><\/div>","protected":false},"excerpt":{"rendered":"<p>Band 1: keep rockin&#8216; Taschenbuch: 133 Seiten Verlag: Independently published (30. November 2017) Sprache: Deutsch ISBN-10: 1973280590 ISBN-13: 978-1973280590 erh\u00e4ltlich<\/p>\n","protected":false},"author":1,"featured_media":0,"parent":0,"menu_order":0,"comment_status":"closed","ping_status":"closed","template":"","meta":{"_acf_changed":false,"episode_type":"","audio_file":"","cover_image":"","cover_image_id":"","duration":"","filesize":"","date_recorded":"","explicit":"","block":"","filesize_raw":"","footnotes":""},"acf":[],"_links":{"self":[{"href":"http:\/\/www.rockin-and-rollin.de\/wordpress\/wp-json\/wp\/v2\/pages\/8821"}],"collection":[{"href":"http:\/\/www.rockin-and-rollin.de\/wordpress\/wp-json\/wp\/v2\/pages"}],"about":[{"href":"http:\/\/www.rockin-and-rollin.de\/wordpress\/wp-json\/wp\/v2\/types\/page"}],"author":[{"embeddable":true,"href":"http:\/\/www.rockin-and-rollin.de\/wordpress\/wp-json\/wp\/v2\/users\/1"}],"replies":[{"embeddable":true,"href":"http:\/\/www.rockin-and-rollin.de\/wordpress\/wp-json\/wp\/v2\/comments?post=8821"}],"version-history":[{"count":44,"href":"http:\/\/www.rockin-and-rollin.de\/wordpress\/wp-json\/wp\/v2\/pages\/8821\/revisions"}],"predecessor-version":[{"id":10955,"href":"http:\/\/www.rockin-and-rollin.de\/wordpress\/wp-json\/wp\/v2\/pages\/8821\/revisions\/10955"}],"wp:attachment":[{"href":"http:\/\/www.rockin-and-rollin.de\/wordpress\/wp-json\/wp\/v2\/media?parent=8821"}],"curies":[{"name":"wp","href":"https:\/\/api.w.org\/{rel}","templated":true}]}}