{"id":4788,"date":"2017-04-14T00:37:55","date_gmt":"2017-04-13T22:37:55","guid":{"rendered":"http:\/\/www.rockin-and-rollin.de\/wordpress\/?page_id=4788"},"modified":"2018-05-01T13:05:40","modified_gmt":"2018-05-01T11:05:40","slug":"film","status":"publish","type":"page","link":"http:\/\/www.rockin-and-rollin.de\/wordpress\/film\/","title":{"rendered":"Filme"},"content":{"rendered":"<div id=\"pl-4788\"  class=\"panel-layout\" ><div id=\"pg-4788-0\"  class=\"panel-grid panel-no-style\" ><div id=\"pgc-4788-0-0\"  class=\"panel-grid-cell\" ><div id=\"panel-4788-0-0-0\" class=\"so-panel widget widget_sow-editor panel-first-child\" data-index=\"0\" ><div\n\t\t\t\n\t\t\tclass=\"so-widget-sow-editor so-widget-sow-editor-base\"\n\t\t\t\n\t\t>\n<div class=\"siteorigin-widget-tinymce textwidget\">\n\t<p>Bier, Wein, Freunde und einen guten Film\u00a0...<\/p>\n<\/div>\n<\/div><\/div><div id=\"panel-4788-0-0-1\" class=\"so-panel widget widget_colormag_featured_posts_widget widget_featured_posts widget_featured_meta panel-last-child\" data-index=\"1\" >\t\t<h3 class=\"widget-title\" style=\"border-bottom-color:;\"><span style=\"background-color:;\">Filmkritik<\/span><a href=\"http:\/\/www.rockin-and-rollin.de\/wordpress\/category\/lifestyle\/filme\/filmkritik\/\" class=\"view-all-link\">View All<\/a><\/h3>\t\t\t\t\t\t\t\t<div class=\"first-post\">\t\t\t\t\t<div class=\"single-article clearfix\">\n\t\t\t\t\t\t<figure><a href=\"http:\/\/www.rockin-and-rollin.de\/wordpress\/filmkritik-wut-im-bauch\/\" title=\"Filmkritik: Wut im Bauch\"><img loading=\"lazy\" decoding=\"async\" width=\"390\" height=\"205\" src=\"http:\/\/www.rockin-and-rollin.de\/wordpress\/wp-content\/uploads\/2016\/10\/Wut_im_Bauch-390x205.jpg\" class=\"attachment-colormag-featured-post-medium size-colormag-featured-post-medium wp-post-image\" alt=\"Filmkritik: Wut im Bauch\" title=\"Filmkritik: Wut im Bauch\" \/><\/a><\/figure>\t\t\t\t\t\t<div class=\"article-content\">\n\t\t\t\t\t\t\t<div class=\"above-entry-meta\"><span class=\"cat-links\"><a href=\"http:\/\/www.rockin-and-rollin.de\/wordpress\/category\/lifestyle\/filme\/\" style=\"background:#457721\" rel=\"category tag\">Filme<\/a>&nbsp;<a href=\"http:\/\/www.rockin-and-rollin.de\/wordpress\/category\/lifestyle\/filme\/filmkritik\/\"  rel=\"category tag\">Filmkritik<\/a>&nbsp;<a href=\"http:\/\/www.rockin-and-rollin.de\/wordpress\/category\/lifestyle\/\" style=\"background:#5d966e\" rel=\"category tag\">Lifestyle<\/a>&nbsp;<\/span><\/div>\t\t\t\t\t\t\t<h3 class=\"entry-title\">\n\t\t\t\t\t\t\t\t<a href=\"http:\/\/www.rockin-and-rollin.de\/wordpress\/filmkritik-wut-im-bauch\/\" title=\"Filmkritik: Wut im Bauch\">Filmkritik: Wut im Bauch<\/a>\n\t\t\t\t\t\t\t<\/h3>\n\t\t\t\t\t\t\t<div class=\"below-entry-meta\">\n\t\t\t\t\t\t\t\t<span class=\"posted-on\"><a href=\"http:\/\/www.rockin-and-rollin.de\/wordpress\/filmkritik-wut-im-bauch\/\" title=\"16:55\" rel=\"bookmark\"><i class=\"fa fa-calendar-o\"><\/i> <time class=\"entry-date published\" datetime=\"2016-09-08T16:55:12+02:00\">08\/09\/2016<\/time><\/a><\/span>\t\t\t\t\t\t\t\t<span class=\"byline\"><span class=\"author vcard\"><i class=\"fa fa-user\"><\/i><a class=\"url fn n\" href=\"http:\/\/www.rockin-and-rollin.de\/wordpress\/author\/chris\/\" title=\"Chris\">Chris<\/a><\/span><\/span>\n\t\t\t\t\t\t\t\t<span class=\"comments\"><i class=\"fa fa-comment\"><\/i><a href=\"http:\/\/www.rockin-and-rollin.de\/wordpress\/filmkritik-wut-im-bauch\/#respond\">0<\/a><\/span>\n\t\t\t\t\t\t\t<\/div>\n\t\t\t\t\t\t\t\t\t\t\t\t\t\t<div class=\"entry-content\">\n\t\t\t\t\t\t\t\t<p>\u00bbDie Stadt von morgen&#8230; Heute\u00ab &#8211; so wird das neue Vorstadt-Paradies New Granada beworben. An vieles wurde hier gedacht, doch nicht an die Jugendlichen. Diese interessiert hier nichts, also nehmen sie die Alptraumstadt auseinander. Jonathan Kaplans Kult-Klassiker &#8222;Wut im Bauch&#8220; ist die Geschichte allein gelassener Jugendlicher, die ihre eigenen Werte entdecken und gepusht durch ihre Unzufriedenheit, Alkohol und Drogen alle an den Rand der Verzweiflung bringen. Der 14-j\u00e4hrige Matt Dillon gibt als charismatischer, zum Scheitern verurteilter Anf\u00fchrer Richie sein Filmdebut. Der Soundtrack von Van Halen, The Ramones, Cheap Trick, Jimi Hendrix und anderen verleiht dem Film seinen Rock &#8217;n&#8216; Roll-Herzschlag. <\/p>\n\t\t\t\t\t\t\t<\/div>\n\t\t\t\t\t\t\t\t\t\t\t\t\t<\/div>\n\n\t\t\t\t\t<\/div>\n\t\t\t\t<\/div>\t\t\t\t\t\t\t\t\t\t\t<div class=\"following-post\">\t\t\t\t\t<div class=\"single-article clearfix\">\n\t\t\t\t\t\t<figure><a href=\"http:\/\/www.rockin-and-rollin.de\/wordpress\/filmkritik-the-outsiders-ii-der-kampf-geht-weiter\/\" title=\"Filmkritik: The Outsiders II &#8211; Der Kampf geht weiter\"><img loading=\"lazy\" decoding=\"async\" width=\"130\" height=\"90\" src=\"http:\/\/www.rockin-and-rollin.de\/wordpress\/wp-content\/uploads\/2016\/09\/out-130x90.jpg\" class=\"attachment-colormag-featured-post-small size-colormag-featured-post-small wp-post-image\" alt=\"Filmkritik: The Outsiders II &#8211; Der Kampf geht weiter\" title=\"Filmkritik: The Outsiders II &#8211; Der Kampf geht weiter\" srcset=\"http:\/\/www.rockin-and-rollin.de\/wordpress\/wp-content\/uploads\/2016\/09\/out-130x90.jpg 130w, http:\/\/www.rockin-and-rollin.de\/wordpress\/wp-content\/uploads\/2016\/09\/out-392x272.jpg 392w\" sizes=\"(max-width: 130px) 100vw, 130px\" \/><\/a><\/figure>\t\t\t\t\t\t<div class=\"article-content\">\n\t\t\t\t\t\t\t<div class=\"above-entry-meta\"><span class=\"cat-links\"><a href=\"http:\/\/www.rockin-and-rollin.de\/wordpress\/category\/lifestyle\/filme\/\" style=\"background:#457721\" rel=\"category tag\">Filme<\/a>&nbsp;<a href=\"http:\/\/www.rockin-and-rollin.de\/wordpress\/category\/lifestyle\/filme\/filmkritik\/\"  rel=\"category tag\">Filmkritik<\/a>&nbsp;<a href=\"http:\/\/www.rockin-and-rollin.de\/wordpress\/category\/lifestyle\/\" style=\"background:#5d966e\" rel=\"category tag\">Lifestyle<\/a>&nbsp;<\/span><\/div>\t\t\t\t\t\t\t<h3 class=\"entry-title\">\n\t\t\t\t\t\t\t\t<a href=\"http:\/\/www.rockin-and-rollin.de\/wordpress\/filmkritik-the-outsiders-ii-der-kampf-geht-weiter\/\" title=\"Filmkritik: The Outsiders II &#8211; Der Kampf geht weiter\">Filmkritik: The Outsiders II &#8211; Der Kampf geht weiter<\/a>\n\t\t\t\t\t\t\t<\/h3>\n\t\t\t\t\t\t\t<div class=\"below-entry-meta\">\n\t\t\t\t\t\t\t\t<span class=\"posted-on\"><a href=\"http:\/\/www.rockin-and-rollin.de\/wordpress\/filmkritik-the-outsiders-ii-der-kampf-geht-weiter\/\" title=\"16:45\" rel=\"bookmark\"><i class=\"fa fa-calendar-o\"><\/i> <time class=\"entry-date published\" datetime=\"2016-09-16T16:45:36+02:00\">16\/09\/2016<\/time><\/a><\/span>\t\t\t\t\t\t\t\t<span class=\"byline\"><span class=\"author vcard\"><i class=\"fa fa-user\"><\/i><a class=\"url fn n\" href=\"http:\/\/www.rockin-and-rollin.de\/wordpress\/author\/chris\/\" title=\"Chris\">Chris<\/a><\/span><\/span>\n\t\t\t\t\t\t\t\t<span class=\"comments\"><i class=\"fa fa-comment\"><\/i><a href=\"http:\/\/www.rockin-and-rollin.de\/wordpress\/filmkritik-the-outsiders-ii-der-kampf-geht-weiter\/#respond\">0<\/a><\/span>\n\t\t\t\t\t\t\t<\/div>\n\t\t\t\t\t\t\t\t\t\t\t\t\t<\/div>\n\n\t\t\t\t\t<\/div>\n\t\t\t\t\t\t\t\t\t\t\t\t\t\t\t\t\t\t\t\t<div class=\"single-article clearfix\">\n\t\t\t\t\t\t<figure><a href=\"http:\/\/www.rockin-and-rollin.de\/wordpress\/filmkritik-hobo-with-a-shotgun\/\" title=\"Filmkritik: Hobo with a shotgun\"><img loading=\"lazy\" decoding=\"async\" width=\"130\" height=\"90\" src=\"http:\/\/www.rockin-and-rollin.de\/wordpress\/wp-content\/uploads\/2016\/10\/Hobo-with-a-Shotgun-DVD-Cover-130x90.jpg\" class=\"attachment-colormag-featured-post-small size-colormag-featured-post-small wp-post-image\" alt=\"Filmkritik: Hobo with a shotgun\" title=\"Filmkritik: Hobo with a shotgun\" srcset=\"http:\/\/www.rockin-and-rollin.de\/wordpress\/wp-content\/uploads\/2016\/10\/Hobo-with-a-Shotgun-DVD-Cover-130x90.jpg 130w, http:\/\/www.rockin-and-rollin.de\/wordpress\/wp-content\/uploads\/2016\/10\/Hobo-with-a-Shotgun-DVD-Cover-392x272.jpg 392w\" sizes=\"(max-width: 130px) 100vw, 130px\" \/><\/a><\/figure>\t\t\t\t\t\t<div class=\"article-content\">\n\t\t\t\t\t\t\t<div class=\"above-entry-meta\"><span class=\"cat-links\"><a href=\"http:\/\/www.rockin-and-rollin.de\/wordpress\/category\/lifestyle\/filme\/\" style=\"background:#457721\" rel=\"category tag\">Filme<\/a>&nbsp;<a href=\"http:\/\/www.rockin-and-rollin.de\/wordpress\/category\/lifestyle\/filme\/filmkritik\/\"  rel=\"category tag\">Filmkritik<\/a>&nbsp;<a href=\"http:\/\/www.rockin-and-rollin.de\/wordpress\/category\/lifestyle\/\" style=\"background:#5d966e\" rel=\"category tag\">Lifestyle<\/a>&nbsp;<\/span><\/div>\t\t\t\t\t\t\t<h3 class=\"entry-title\">\n\t\t\t\t\t\t\t\t<a href=\"http:\/\/www.rockin-and-rollin.de\/wordpress\/filmkritik-hobo-with-a-shotgun\/\" title=\"Filmkritik: Hobo with a shotgun\">Filmkritik: Hobo with a shotgun<\/a>\n\t\t\t\t\t\t\t<\/h3>\n\t\t\t\t\t\t\t<div class=\"below-entry-meta\">\n\t\t\t\t\t\t\t\t<span class=\"posted-on\"><a href=\"http:\/\/www.rockin-and-rollin.de\/wordpress\/filmkritik-hobo-with-a-shotgun\/\" title=\"17:12\" rel=\"bookmark\"><i class=\"fa fa-calendar-o\"><\/i> <time class=\"entry-date published\" datetime=\"2016-10-08T17:12:18+02:00\">08\/10\/2016<\/time><\/a><\/span>\t\t\t\t\t\t\t\t<span class=\"byline\"><span class=\"author vcard\"><i class=\"fa fa-user\"><\/i><a class=\"url fn n\" href=\"http:\/\/www.rockin-and-rollin.de\/wordpress\/author\/chris\/\" title=\"Chris\">Chris<\/a><\/span><\/span>\n\t\t\t\t\t\t\t\t<span class=\"comments\"><i class=\"fa fa-comment\"><\/i><a href=\"http:\/\/www.rockin-and-rollin.de\/wordpress\/filmkritik-hobo-with-a-shotgun\/#respond\">0<\/a><\/span>\n\t\t\t\t\t\t\t<\/div>\n\t\t\t\t\t\t\t\t\t\t\t\t\t<\/div>\n\n\t\t\t\t\t<\/div>\n\t\t\t\t\t\t\t\t\t\t\t\t\t\t\t\t\t\t\t\t<div class=\"single-article clearfix\">\n\t\t\t\t\t\t<figure><a href=\"http:\/\/www.rockin-and-rollin.de\/wordpress\/filmkritik-rockabilly-requiem\/\" title=\"Filmkritik: Rockabilly Requiem\"><img loading=\"lazy\" decoding=\"async\" width=\"130\" height=\"90\" src=\"http:\/\/www.rockin-and-rollin.de\/wordpress\/wp-content\/uploads\/2017\/01\/Rockabilly-Requiem--130x90.jpg\" class=\"attachment-colormag-featured-post-small size-colormag-featured-post-small wp-post-image\" alt=\"Filmkritik: Rockabilly Requiem\" title=\"Filmkritik: Rockabilly Requiem\" \/><\/a><\/figure>\t\t\t\t\t\t<div class=\"article-content\">\n\t\t\t\t\t\t\t<div class=\"above-entry-meta\"><span class=\"cat-links\"><a href=\"http:\/\/www.rockin-and-rollin.de\/wordpress\/category\/lifestyle\/filme\/\" style=\"background:#457721\" rel=\"category tag\">Filme<\/a>&nbsp;<a href=\"http:\/\/www.rockin-and-rollin.de\/wordpress\/category\/lifestyle\/filme\/filmkritik\/\"  rel=\"category tag\">Filmkritik<\/a>&nbsp;<a href=\"http:\/\/www.rockin-and-rollin.de\/wordpress\/category\/lifestyle\/\" style=\"background:#5d966e\" rel=\"category tag\">Lifestyle<\/a>&nbsp;<\/span><\/div>\t\t\t\t\t\t\t<h3 class=\"entry-title\">\n\t\t\t\t\t\t\t\t<a href=\"http:\/\/www.rockin-and-rollin.de\/wordpress\/filmkritik-rockabilly-requiem\/\" title=\"Filmkritik: Rockabilly Requiem\">Filmkritik: Rockabilly Requiem<\/a>\n\t\t\t\t\t\t\t<\/h3>\n\t\t\t\t\t\t\t<div class=\"below-entry-meta\">\n\t\t\t\t\t\t\t\t<span class=\"posted-on\"><a href=\"http:\/\/www.rockin-and-rollin.de\/wordpress\/filmkritik-rockabilly-requiem\/\" title=\"1:34\" rel=\"bookmark\"><i class=\"fa fa-calendar-o\"><\/i> <time class=\"entry-date published\" datetime=\"2017-01-19T01:34:09+01:00\">19\/01\/2017<\/time><\/a><\/span>\t\t\t\t\t\t\t\t<span class=\"byline\"><span class=\"author vcard\"><i class=\"fa fa-user\"><\/i><a class=\"url fn n\" href=\"http:\/\/www.rockin-and-rollin.de\/wordpress\/author\/chris\/\" title=\"Chris\">Chris<\/a><\/span><\/span>\n\t\t\t\t\t\t\t\t<span class=\"comments\"><i class=\"fa fa-comment\"><\/i><a href=\"http:\/\/www.rockin-and-rollin.de\/wordpress\/filmkritik-rockabilly-requiem\/#respond\">0<\/a><\/span>\n\t\t\t\t\t\t\t<\/div>\n\t\t\t\t\t\t\t\t\t\t\t\t\t<\/div>\n\n\t\t\t\t\t<\/div>\n\t\t\t\t\t\t\t\t\t\t\t\t\t\t\t\t\t\t\t\t<div class=\"single-article clearfix\">\n\t\t\t\t\t\t<figure><a href=\"http:\/\/www.rockin-and-rollin.de\/wordpress\/filmkritik-eddie-and-the-cruisers\/\" title=\"Filmkritik: Eddie and the Cruisers\"><img loading=\"lazy\" decoding=\"async\" width=\"130\" height=\"90\" src=\"http:\/\/www.rockin-and-rollin.de\/wordpress\/wp-content\/uploads\/2016\/09\/film-eddie-130x90.jpg\" class=\"attachment-colormag-featured-post-small size-colormag-featured-post-small wp-post-image\" alt=\"Filmkritik: Eddie and the Cruisers\" title=\"Filmkritik: Eddie and the Cruisers\" \/><\/a><\/figure>\t\t\t\t\t\t<div class=\"article-content\">\n\t\t\t\t\t\t\t<div class=\"above-entry-meta\"><span class=\"cat-links\"><a href=\"http:\/\/www.rockin-and-rollin.de\/wordpress\/category\/lifestyle\/filme\/\" style=\"background:#457721\" rel=\"category tag\">Filme<\/a>&nbsp;<a href=\"http:\/\/www.rockin-and-rollin.de\/wordpress\/category\/lifestyle\/filme\/filmkritik\/\"  rel=\"category tag\">Filmkritik<\/a>&nbsp;<a href=\"http:\/\/www.rockin-and-rollin.de\/wordpress\/category\/lifestyle\/\" style=\"background:#5d966e\" rel=\"category tag\">Lifestyle<\/a>&nbsp;<\/span><\/div>\t\t\t\t\t\t\t<h3 class=\"entry-title\">\n\t\t\t\t\t\t\t\t<a href=\"http:\/\/www.rockin-and-rollin.de\/wordpress\/filmkritik-eddie-and-the-cruisers\/\" title=\"Filmkritik: Eddie and the Cruisers\">Filmkritik: Eddie and the Cruisers<\/a>\n\t\t\t\t\t\t\t<\/h3>\n\t\t\t\t\t\t\t<div class=\"below-entry-meta\">\n\t\t\t\t\t\t\t\t<span class=\"posted-on\"><a href=\"http:\/\/www.rockin-and-rollin.de\/wordpress\/filmkritik-eddie-and-the-cruisers\/\" title=\"8:53\" rel=\"bookmark\"><i class=\"fa fa-calendar-o\"><\/i> <time class=\"entry-date published\" datetime=\"2016-09-28T08:53:56+02:00\">28\/09\/2016<\/time><\/a><\/span>\t\t\t\t\t\t\t\t<span class=\"byline\"><span class=\"author vcard\"><i class=\"fa fa-user\"><\/i><a class=\"url fn n\" href=\"http:\/\/www.rockin-and-rollin.de\/wordpress\/author\/chris\/\" title=\"Chris\">Chris<\/a><\/span><\/span>\n\t\t\t\t\t\t\t\t<span class=\"comments\"><i class=\"fa fa-comment\"><\/i><a href=\"http:\/\/www.rockin-and-rollin.de\/wordpress\/filmkritik-eddie-and-the-cruisers\/#respond\">0<\/a><\/span>\n\t\t\t\t\t\t\t<\/div>\n\t\t\t\t\t\t\t\t\t\t\t\t\t<\/div>\n\n\t\t\t\t\t<\/div>\n\t\t\t\t\t\t\t<\/div>\t\t<!-- <\/div> -->\n\t\t<\/div><\/div><\/div><\/div>","protected":false},"excerpt":{"rendered":"<p>Unter mysteri\u00f6sen Umst\u00e4nden verungl\u00fcckt das Rock&#8217;n Roll Idol Eddie. Seine Leiche wird nie gefunden, die Tonb\u00e4nder der letzten LP verschwinden<\/p>\n","protected":false},"author":1,"featured_media":0,"parent":0,"menu_order":0,"comment_status":"closed","ping_status":"closed","template":"","meta":{"_acf_changed":false,"episode_type":"","audio_file":"","cover_image":"","cover_image_id":"","duration":"","filesize":"","date_recorded":"","explicit":"","block":"","filesize_raw":"","footnotes":""},"acf":[],"_links":{"self":[{"href":"http:\/\/www.rockin-and-rollin.de\/wordpress\/wp-json\/wp\/v2\/pages\/4788"}],"collection":[{"href":"http:\/\/www.rockin-and-rollin.de\/wordpress\/wp-json\/wp\/v2\/pages"}],"about":[{"href":"http:\/\/www.rockin-and-rollin.de\/wordpress\/wp-json\/wp\/v2\/types\/page"}],"author":[{"embeddable":true,"href":"http:\/\/www.rockin-and-rollin.de\/wordpress\/wp-json\/wp\/v2\/users\/1"}],"replies":[{"embeddable":true,"href":"http:\/\/www.rockin-and-rollin.de\/wordpress\/wp-json\/wp\/v2\/comments?post=4788"}],"version-history":[{"count":8,"href":"http:\/\/www.rockin-and-rollin.de\/wordpress\/wp-json\/wp\/v2\/pages\/4788\/revisions"}],"predecessor-version":[{"id":9643,"href":"http:\/\/www.rockin-and-rollin.de\/wordpress\/wp-json\/wp\/v2\/pages\/4788\/revisions\/9643"}],"wp:attachment":[{"href":"http:\/\/www.rockin-and-rollin.de\/wordpress\/wp-json\/wp\/v2\/media?parent=4788"}],"curies":[{"name":"wp","href":"https:\/\/api.w.org\/{rel}","templated":true}]}}