{"id":273,"date":"2016-09-06T10:23:22","date_gmt":"2016-09-06T08:23:22","guid":{"rendered":"http:\/\/www.rockin-and-rollin.de\/wordpress\/?page_id=273"},"modified":"2023-02-05T19:00:41","modified_gmt":"2023-02-05T18:00:41","slug":"das-team","status":"publish","type":"page","link":"http:\/\/www.rockin-and-rollin.de\/wordpress\/das-team\/","title":{"rendered":"Das Team"},"content":{"rendered":"<div id=\"pl-273\"  class=\"panel-layout\" ><div id=\"pg-273-0\"  class=\"panel-grid panel-no-style\" ><div id=\"pgc-273-0-0\"  class=\"panel-grid-cell\" ><div id=\"panel-273-0-0-0\" class=\"so-panel widget widget_sow-image panel-first-child panel-last-child\" data-index=\"0\" ><div\n\t\t\t\n\t\t\tclass=\"so-widget-sow-image so-widget-sow-image-default-8b5b6f678277-273\"\n\t\t\t\n\t\t>\n\n<div class=\"sow-image-container\">\n\t\t<img loading=\"lazy\" decoding=\"async\" src=\"http:\/\/www.rockin-and-rollin.de\/wordpress\/wp-content\/uploads\/2023\/02\/ich-225x300.jpg\" width=\"225\" height=\"300\" srcset=\"http:\/\/www.rockin-and-rollin.de\/wordpress\/wp-content\/uploads\/2023\/02\/ich-225x300.jpg 225w, http:\/\/www.rockin-and-rollin.de\/wordpress\/wp-content\/uploads\/2023\/02\/ich-768x1024.jpg 768w, http:\/\/www.rockin-and-rollin.de\/wordpress\/wp-content\/uploads\/2023\/02\/ich-1152x1536.jpg 1152w, http:\/\/www.rockin-and-rollin.de\/wordpress\/wp-content\/uploads\/2023\/02\/ich-200x267.jpg 200w, http:\/\/www.rockin-and-rollin.de\/wordpress\/wp-content\/uploads\/2023\/02\/ich.jpg 1536w\" sizes=\"(max-width: 225px) 100vw, 225px\" alt=\"\" \t\tclass=\"so-widget-image\"\/>\n\t<\/div>\n\n<\/div><\/div><\/div><div id=\"pgc-273-0-1\"  class=\"panel-grid-cell\" ><div id=\"panel-273-0-1-0\" class=\"so-panel widget widget_text panel-first-child panel-last-child\" data-index=\"1\" ><h3 class=\"widget-title\">Chris Weidler<\/h3>\t\t\t<div class=\"textwidget\"><p style=\"text-align: justify;\">Christoph \u201eChris\u201c Weidler, geboren 1967 in Bremerhaven, wohnhaft in Cuxhaven. Seit 1981 dem Rock\u2019n\u2019Roll verfallen, seitdem in der Szene eingetaucht und durch und durch Rockabilly vom Herzen. Seit 1995 aktiv im Internet in verschiedenen Gebieten im Bereich Literatur t\u00e4tig. Ehemaliger Chefredakteur und Webmaster des eZine FantasyGuide.de, Herausgeber und Chefredakteur des Fanzines \u201eSONO \u2013 Magazin f\u00fcr Phantastik\u201c, welches kostenlos im Internet publiziert wurde. Des Weiteren war er lange Jahre Chefredakteur des Printmagazins \u201ePhase X\u201c (Atlantis Verlag) und Herausgeber der Fantasy-Romanserie \u201eSaramee - Stadt der Vertriebenen\u201c (Atlantis Verlag) gewesen. Nun Herz und Seele des Rock\u2019n\u2019Roll eZine \u201erockin-and-rollin\u201c.<\/p><\/div>\n\t\t<\/div><\/div><\/div><div id=\"pg-273-1\"  class=\"panel-grid panel-no-style\" ><div id=\"pgc-273-1-0\"  class=\"panel-grid-cell\" ><div id=\"panel-273-1-0-0\" class=\"so-panel widget widget_sow-image panel-first-child\" data-index=\"2\" ><div\n\t\t\t\n\t\t\tclass=\"so-widget-sow-image so-widget-sow-image-default-8b5b6f678277-273\"\n\t\t\t\n\t\t>\n\n<div class=\"sow-image-container\">\n\t\t<img loading=\"lazy\" decoding=\"async\" src=\"http:\/\/www.rockin-and-rollin.de\/wordpress\/wp-content\/uploads\/2023\/02\/kirsten2-200x300.jpg\" width=\"200\" height=\"300\" srcset=\"http:\/\/www.rockin-and-rollin.de\/wordpress\/wp-content\/uploads\/2023\/02\/kirsten2-200x300.jpg 200w, http:\/\/www.rockin-and-rollin.de\/wordpress\/wp-content\/uploads\/2023\/02\/kirsten2-682x1024.jpg 682w, http:\/\/www.rockin-and-rollin.de\/wordpress\/wp-content\/uploads\/2023\/02\/kirsten2-768x1153.jpg 768w, http:\/\/www.rockin-and-rollin.de\/wordpress\/wp-content\/uploads\/2023\/02\/kirsten2-1023x1536.jpg 1023w, http:\/\/www.rockin-and-rollin.de\/wordpress\/wp-content\/uploads\/2023\/02\/kirsten2.jpg 1066w\" sizes=\"(max-width: 200px) 100vw, 200px\" alt=\"\" \t\tclass=\"so-widget-image\"\/>\n\t<\/div>\n\n<\/div><\/div><div id=\"panel-273-1-0-1\" class=\"so-panel widget widget_text panel-last-child\" data-index=\"3\" >\t\t\t<div class=\"textwidget\"><p>Facebook:<br \/>\n<a href=\"https:\/\/www.facebook.com\/frau.schmitz.official\" target=\"_blank\" rel=\"noopener\">Frau Schmitz official<\/a><\/p>\n<\/div>\n\t\t<\/div><\/div><div id=\"pgc-273-1-1\"  class=\"panel-grid-cell\" ><div id=\"panel-273-1-1-0\" class=\"so-panel widget widget_text panel-first-child panel-last-child\" data-index=\"4\" ><h3 class=\"widget-title\">Kirsten Schmitz<\/h3>\t\t\t<div class=\"textwidget\"><p>Ladies und Gents,<\/p>\n<p>da bin ich! Ab sofort darf ich Euch unter der Rubrik \u201eFrau Schmitz schreibt...\u201c mit Infos rund um Lifestyle, Mode, Klatsch und Tratsch und noch viel mehr fernab der Musik zu versorgen, sozusagen das \u201eDrumherum\u201c. Lasst Euch einfach \u00fcberraschen, was alles aus meiner Feder kommt.<\/p>\n<p>Und solltet Ihr mich wirklich noch nicht kennen. \ud83d\ude09 -><\/p>\n<p>Mein Fiftys-Leben fing vor 30 Jahre in K\u00f6ln an. Der erste Petticoat wurde zum 16. Geburtstag geschenkt, die Musik hatte ich durch Mutter und Vater nat\u00fcrlich eh schon im Blut und unsere ersten Patches der \u201eRumbling Rats\u201c malten wir noch per Hand. Ja, so war das damals ... eine geile, wilde Zeit!<\/p>\n<p>Meine Vorliebe f\u00fcr Kleider ist sicherlich unverkennbar, ebenso f\u00fcr passende Accessoires und Headpieces. Gerne halte ich Euch also auf dem neusten Stand, was f\u00fcr Euch auf den Markt kommt. Vom Fascinator bis zum idealen, bequemen Tanzschuh.<br \/>\nEs wird mir eine Freude sein, Euch von diversen Festivals zu berichten, einen \u00dcberblick zu geben, was In und Out ist oder auch gemeinsame Online-Aktionen zu starten.<\/p>\n<p>W\u00fcnsche, Fragen und Anregungen? Schickt mir gerne eine Message! Ich freu mich, von Euch zu lesen oder zu h\u00f6ren!<\/p>\n<p>Keep on rockin!<\/p>\n<p>Eure Frau Schmitz<\/p>\n<\/div>\n\t\t<\/div><\/div><\/div><\/div>","protected":false},"excerpt":{"rendered":"<p>Christoph \u201eChris\u201c Weidler, geboren 1967 in Bremerhaven, wohnhaft in Cuxhaven. Seit 1981 dem Rock\u2019n\u2019Roll verfallen, seitdem in der Szene eingetaucht<\/p>\n","protected":false},"author":1,"featured_media":0,"parent":0,"menu_order":0,"comment_status":"closed","ping_status":"closed","template":"","meta":{"_acf_changed":false,"episode_type":"","audio_file":"","cover_image":"","cover_image_id":"","duration":"","filesize":"","date_recorded":"","explicit":"","block":"","filesize_raw":"","footnotes":""},"acf":[],"_links":{"self":[{"href":"http:\/\/www.rockin-and-rollin.de\/wordpress\/wp-json\/wp\/v2\/pages\/273"}],"collection":[{"href":"http:\/\/www.rockin-and-rollin.de\/wordpress\/wp-json\/wp\/v2\/pages"}],"about":[{"href":"http:\/\/www.rockin-and-rollin.de\/wordpress\/wp-json\/wp\/v2\/types\/page"}],"author":[{"embeddable":true,"href":"http:\/\/www.rockin-and-rollin.de\/wordpress\/wp-json\/wp\/v2\/users\/1"}],"replies":[{"embeddable":true,"href":"http:\/\/www.rockin-and-rollin.de\/wordpress\/wp-json\/wp\/v2\/comments?post=273"}],"version-history":[{"count":48,"href":"http:\/\/www.rockin-and-rollin.de\/wordpress\/wp-json\/wp\/v2\/pages\/273\/revisions"}],"predecessor-version":[{"id":10316,"href":"http:\/\/www.rockin-and-rollin.de\/wordpress\/wp-json\/wp\/v2\/pages\/273\/revisions\/10316"}],"wp:attachment":[{"href":"http:\/\/www.rockin-and-rollin.de\/wordpress\/wp-json\/wp\/v2\/media?parent=273"}],"curies":[{"name":"wp","href":"https:\/\/api.w.org\/{rel}","templated":true}]}}